{"id":9,"date":"2015-06-28T04:38:25","date_gmt":"2015-06-28T04:38:25","guid":{"rendered":"https:\/\/www.urbihop.com\/?page_id=9"},"modified":"2020-01-08T10:27:57","modified_gmt":"2020-01-08T10:27:57","slug":"pradinis-puslapis","status":"publish","type":"page","link":"https:\/\/www.urbihop.com\/en\/home-page\/","title":{"rendered":"Home page"},"content":{"rendered":"","protected":false},"excerpt":{"rendered":"","protected":false},"author":3,"featured_media":0,"parent":0,"menu_order":0,"comment_status":"open","ping_status":"open","template":"","meta":[],"acf":[],"yoast_head":"<!-- This site is optimized with the Yoast SEO plugin v16.2 - https:\/\/yoast.com\/wordpress\/plugins\/seo\/ -->\n<title>(LT) Urbihop Hotel<\/title>\n<meta name=\"description\" content=\"(LT) ,,Urbihop&#039;&#039; vie\u0161butis n\u0117ra vieta, kur miestieti\u0161kos istorijos kukliai vaik\u0161to ant pir\u0161t\u0173 galiuk\u0173 \u2013 \u010dia urban kult\u016bra, persisunkusi grak\u0161\u010diu minimalizmu...\" \/>\n<meta name=\"robots\" content=\"index, follow, max-snippet:-1, max-image-preview:large, max-video-preview:-1\" \/>\n<link rel=\"canonical\" href=\"https:\/\/www.urbihop.com\/pradinis-puslapis\/\" \/>\n<meta property=\"og:locale\" content=\"en_US\" \/>\n<meta property=\"og:type\" content=\"article\" \/>\n<meta property=\"og:title\" content=\"[:lt]Urbihop Hotel[:]\" \/>\n<meta property=\"og:description\" content=\"{:lt},,Urbihop&#039;&#039; vie\u0161butis n\u0117ra vieta, kur miestieti\u0161kos istorijos kukliai vaik\u0161to ant pir\u0161t\u0173 galiuk\u0173 \u2013 \u010dia urban kult\u016bra, persisunkusi grak\u0161\u010diu minimalizmu...{:}\" \/>\n<meta property=\"og:url\" content=\"https:\/\/www.urbihop.com\/pradinis-puslapis\/\" \/>\n<meta property=\"og:site_name\" content=\"Urbihop\" \/>\n<meta property=\"article:modified_time\" content=\"2020-01-08T10:27:57+00:00\" \/>\n<meta name=\"twitter:card\" content=\"summary\" \/>\n<script type=\"application\/ld+json\" class=\"yoast-schema-graph\">{\"@context\":\"https:\/\/schema.org\",\"@graph\":[{\"@type\":\"WebSite\",\"@id\":\"https:\/\/www.urbihop.com\/#website\",\"url\":\"https:\/\/www.urbihop.com\/\",\"name\":\"Urbihop\",\"description\":\"\",\"potentialAction\":[{\"@type\":\"SearchAction\",\"target\":\"https:\/\/www.urbihop.com\/?s={search_term_string}\",\"query-input\":\"required name=search_term_string\"}],\"inLanguage\":\"en-US\"},{\"@type\":\"WebPage\",\"@id\":\"https:\/\/www.urbihop.com\/pradinis-puslapis\/#webpage\",\"url\":\"https:\/\/www.urbihop.com\/pradinis-puslapis\/\",\"name\":\"[:lt]Urbihop Hotel[:]\",\"isPartOf\":{\"@id\":\"https:\/\/www.urbihop.com\/#website\"},\"datePublished\":\"2015-06-28T04:38:25+00:00\",\"dateModified\":\"2020-01-08T10:27:57+00:00\",\"description\":\"{:lt},,Urbihop'' vie\\u0161butis n\\u0117ra vieta, kur miestieti\\u0161kos istorijos kukliai vaik\\u0161to ant pir\\u0161t\\u0173 galiuk\\u0173 \\u2013 \\u010dia urban kult\\u016bra, persisunkusi grak\\u0161\\u010diu minimalizmu...{:}\",\"breadcrumb\":{\"@id\":\"https:\/\/www.urbihop.com\/pradinis-puslapis\/#breadcrumb\"},\"inLanguage\":\"en-US\",\"potentialAction\":[{\"@type\":\"ReadAction\",\"target\":[\"https:\/\/www.urbihop.com\/pradinis-puslapis\/\"]}]},{\"@type\":\"BreadcrumbList\",\"@id\":\"https:\/\/www.urbihop.com\/pradinis-puslapis\/#breadcrumb\",\"itemListElement\":[{\"@type\":\"ListItem\",\"position\":1,\"item\":{\"@type\":\"WebPage\",\"@id\":\"https:\/\/www.urbihop.com\/\",\"url\":\"https:\/\/www.urbihop.com\/\",\"name\":\"Home\"}},{\"@type\":\"ListItem\",\"position\":2,\"item\":{\"@id\":\"https:\/\/www.urbihop.com\/pradinis-puslapis\/#webpage\"}}]}]}<\/script>\n<!-- \/ Yoast SEO plugin. -->","_links":{"self":[{"href":"https:\/\/www.urbihop.com\/en\/wp-json\/wp\/v2\/pages\/9"}],"collection":[{"href":"https:\/\/www.urbihop.com\/en\/wp-json\/wp\/v2\/pages"}],"about":[{"href":"https:\/\/www.urbihop.com\/en\/wp-json\/wp\/v2\/types\/page"}],"author":[{"embeddable":true,"href":"https:\/\/www.urbihop.com\/en\/wp-json\/wp\/v2\/users\/3"}],"replies":[{"embeddable":true,"href":"https:\/\/www.urbihop.com\/en\/wp-json\/wp\/v2\/comments?post=9"}],"version-history":[{"count":102,"href":"https:\/\/www.urbihop.com\/en\/wp-json\/wp\/v2\/pages\/9\/revisions"}],"predecessor-version":[{"id":1140,"href":"https:\/\/www.urbihop.com\/en\/wp-json\/wp\/v2\/pages\/9\/revisions\/1140"}],"wp:attachment":[{"href":"https:\/\/www.urbihop.com\/en\/wp-json\/wp\/v2\/media?parent=9"}],"curies":[{"name":"wp","href":"https:\/\/api.w.org\/{rel}","templated":true}]}}