{"id":102,"date":"2015-06-28T10:14:02","date_gmt":"2015-06-28T10:14:02","guid":{"rendered":"https:\/\/www.urbihop.com\/?page_id=102"},"modified":"2020-08-17T08:34:06","modified_gmt":"2020-08-17T08:34:06","slug":"kontaktai","status":"publish","type":"page","link":"https:\/\/www.urbihop.com\/ru\/contacts-ru\/","title":{"rendered":"\u041a\u043e\u043d\u0442\u0430\u043a\u0442\u044b"},"content":{"rendered":"<p>At vero eos et accusamus et iusto odio dignissimos ducimus qui blanditiis praesentium voluptatum deleniti atque corrupti quos dolores et quas molestias excepturi sint occaecati cupiditate non provident, similique sunt in culpa qui officia deserunt mollitia animi, id est laborum.<\/p>\n","protected":false},"excerpt":{"rendered":"<p>At vero eos et accusamus et iusto odio dignissimos ducimus qui blanditiis praesentium voluptatum deleniti atque corrupti quos dolores et quas molestias excepturi sint occaecati cupiditate non provident, similique sunt in culpa qui officia deserunt mollitia animi, id est laborum.<\/p>\n","protected":false},"author":3,"featured_media":0,"parent":0,"menu_order":0,"comment_status":"open","ping_status":"open","template":"kontaktai.php","meta":[],"acf":[],"yoast_head":"<!-- This site is optimized with the Yoast SEO plugin v16.2 - https:\/\/yoast.com\/wordpress\/plugins\/seo\/ -->\n<title>\u041a\u043e\u043d\u0442\u0430\u043a\u0442\u044b - Urbihop<\/title>\n<meta name=\"description\" content=\"(LT) Urbihop vie\u0161butis n\u0117ra vieta, kur miestieti\u0161kos istorijos kukliai vaik\u0161to ant pir\u0161t\u0173 galiuk\u0173 \u2013 \u010dia urban kult\u016bra, persisunkusi grak\u0161\u010diu minimalizmu...\" \/>\n<meta name=\"robots\" content=\"index, follow, max-snippet:-1, max-image-preview:large, max-video-preview:-1\" \/>\n<link rel=\"canonical\" href=\"https:\/\/www.urbihop.com\/kontaktai\/\" \/>\n<meta property=\"og:locale\" content=\"ru_RU\" \/>\n<meta property=\"og:type\" content=\"article\" \/>\n<meta property=\"og:title\" content=\"\u041a\u043e\u043d\u0442\u0430\u043a\u0442\u044b - Urbihop\" \/>\n<meta property=\"og:description\" content=\"{:lt}Urbihop vie\u0161butis n\u0117ra vieta, kur miestieti\u0161kos istorijos kukliai vaik\u0161to ant pir\u0161t\u0173 galiuk\u0173 \u2013 \u010dia urban kult\u016bra, persisunkusi grak\u0161\u010diu minimalizmu...{:}\" \/>\n<meta property=\"og:url\" content=\"https:\/\/www.urbihop.com\/kontaktai\/\" \/>\n<meta property=\"og:site_name\" content=\"Urbihop\" \/>\n<meta property=\"article:modified_time\" content=\"2020-08-17T08:34:06+00:00\" \/>\n<meta name=\"twitter:card\" content=\"summary\" \/>\n<script type=\"application\/ld+json\" class=\"yoast-schema-graph\">{\"@context\":\"https:\/\/schema.org\",\"@graph\":[{\"@type\":\"WebSite\",\"@id\":\"https:\/\/www.urbihop.com\/#website\",\"url\":\"https:\/\/www.urbihop.com\/\",\"name\":\"Urbihop\",\"description\":\"\",\"potentialAction\":[{\"@type\":\"SearchAction\",\"target\":\"https:\/\/www.urbihop.com\/?s={search_term_string}\",\"query-input\":\"required name=search_term_string\"}],\"inLanguage\":\"ru-RU\"},{\"@type\":\"WebPage\",\"@id\":\"https:\/\/www.urbihop.com\/kontaktai\/#webpage\",\"url\":\"https:\/\/www.urbihop.com\/kontaktai\/\",\"name\":\"\\u041a\\u043e\\u043d\\u0442\\u0430\\u043a\\u0442\\u044b - Urbihop\",\"isPartOf\":{\"@id\":\"https:\/\/www.urbihop.com\/#website\"},\"datePublished\":\"2015-06-28T10:14:02+00:00\",\"dateModified\":\"2020-08-17T08:34:06+00:00\",\"description\":\"{:lt}Urbihop vie\\u0161butis n\\u0117ra vieta, kur miestieti\\u0161kos istorijos kukliai vaik\\u0161to ant pir\\u0161t\\u0173 galiuk\\u0173 \\u2013 \\u010dia urban kult\\u016bra, persisunkusi grak\\u0161\\u010diu minimalizmu...{:}\",\"breadcrumb\":{\"@id\":\"https:\/\/www.urbihop.com\/kontaktai\/#breadcrumb\"},\"inLanguage\":\"ru-RU\",\"potentialAction\":[{\"@type\":\"ReadAction\",\"target\":[\"https:\/\/www.urbihop.com\/kontaktai\/\"]}]},{\"@type\":\"BreadcrumbList\",\"@id\":\"https:\/\/www.urbihop.com\/kontaktai\/#breadcrumb\",\"itemListElement\":[{\"@type\":\"ListItem\",\"position\":1,\"item\":{\"@type\":\"WebPage\",\"@id\":\"https:\/\/www.urbihop.com\/\",\"url\":\"https:\/\/www.urbihop.com\/\",\"name\":\"Home\"}},{\"@type\":\"ListItem\",\"position\":2,\"item\":{\"@id\":\"https:\/\/www.urbihop.com\/kontaktai\/#webpage\"}}]}]}<\/script>\n<!-- \/ Yoast SEO plugin. -->","_links":{"self":[{"href":"https:\/\/www.urbihop.com\/ru\/wp-json\/wp\/v2\/pages\/102"}],"collection":[{"href":"https:\/\/www.urbihop.com\/ru\/wp-json\/wp\/v2\/pages"}],"about":[{"href":"https:\/\/www.urbihop.com\/ru\/wp-json\/wp\/v2\/types\/page"}],"author":[{"embeddable":true,"href":"https:\/\/www.urbihop.com\/ru\/wp-json\/wp\/v2\/users\/3"}],"replies":[{"embeddable":true,"href":"https:\/\/www.urbihop.com\/ru\/wp-json\/wp\/v2\/comments?post=102"}],"version-history":[{"count":40,"href":"https:\/\/www.urbihop.com\/ru\/wp-json\/wp\/v2\/pages\/102\/revisions"}],"predecessor-version":[{"id":1149,"href":"https:\/\/www.urbihop.com\/ru\/wp-json\/wp\/v2\/pages\/102\/revisions\/1149"}],"wp:attachment":[{"href":"https:\/\/www.urbihop.com\/ru\/wp-json\/wp\/v2\/media?parent=102"}],"curies":[{"name":"wp","href":"https:\/\/api.w.org\/{rel}","templated":true}]}}